{"id":7851,"date":"2020-03-18T18:52:03","date_gmt":"2020-03-18T17:52:03","guid":{"rendered":"https:\/\/bitgenius.uk\/cartera\/"},"modified":"2025-10-24T14:59:57","modified_gmt":"2025-10-24T12:59:57","slug":"cartera","status":"publish","type":"page","link":"https:\/\/bitgenius.uk\/es\/cartera\/","title":{"rendered":"Cartera"},"content":{"rendered":"\t\t<div data-elementor-type=\"wp-page\" data-elementor-id=\"7851\" class=\"elementor elementor-7851 elementor-789\" data-elementor-post-type=\"page\">\n\t\t\t\t\t\t<section class=\"elementor-section elementor-top-section elementor-element elementor-element-7326c3bc elementor-section-full_width elementor-section-height-default elementor-section-height-default\" data-id=\"7326c3bc\" data-element_type=\"section\" data-e-type=\"section\">\n\t\t\t\t\t\t<div class=\"elementor-container elementor-column-gap-no\">\n\t\t\t\t\t<div class=\"elementor-column elementor-col-100 elementor-top-column elementor-element elementor-element-700106e3\" data-id=\"700106e3\" data-element_type=\"column\" data-e-type=\"column\">\n\t\t\t<div class=\"elementor-widget-wrap elementor-element-populated\">\n\t\t\t\t\t\t<div class=\"elementor-element elementor-element-0e8c953 elementor-hidden-mobile elementor-widget elementor-widget-spacer\" data-id=\"0e8c953\" data-element_type=\"widget\" data-e-type=\"widget\" data-widget_type=\"spacer.default\">\n\t\t\t\t<div class=\"elementor-widget-container\">\n\t\t\t\t\t\t\t<div class=\"elementor-spacer\">\n\t\t\t<div class=\"elementor-spacer-inner\"><\/div>\n\t\t<\/div>\n\t\t\t\t\t\t<\/div>\n\t\t\t\t<\/div>\n\t\t\t\t<div class=\"elementor-element elementor-element-1804301 elementor-hidden-mobile elementor-widget elementor-widget-heading\" data-id=\"1804301\" data-element_type=\"widget\" data-e-type=\"widget\" data-widget_type=\"heading.default\">\n\t\t\t\t<div class=\"elementor-widget-container\">\n\t\t\t\t\t<h2 class=\"elementor-heading-title elementor-size-default\">Algunos de nuestros proyectos en desarrollo web y de aplicaciones<\/h2>\t\t\t\t<\/div>\n\t\t\t\t<\/div>\n\t\t\t\t<div class=\"elementor-element elementor-element-51586e3 elementor-widget elementor-widget-spacer\" data-id=\"51586e3\" data-element_type=\"widget\" data-e-type=\"widget\" data-widget_type=\"spacer.default\">\n\t\t\t\t<div class=\"elementor-widget-container\">\n\t\t\t\t\t\t\t<div class=\"elementor-spacer\">\n\t\t\t<div class=\"elementor-spacer-inner\"><\/div>\n\t\t<\/div>\n\t\t\t\t\t\t<\/div>\n\t\t\t\t<\/div>\n\t\t\t\t<div class=\"elementor-element elementor-element-c6050dd elementor--h-position-right elementor-arrows-position-outside elementor--v-position-middle elementor-widget elementor-widget-slides\" data-id=\"c6050dd\" data-element_type=\"widget\" data-e-type=\"widget\" id=\".bg_shadow_square\" data-settings=\"{&quot;navigation&quot;:&quot;arrows&quot;,&quot;transition_speed&quot;:800,&quot;autoplay&quot;:&quot;yes&quot;,&quot;pause_on_hover&quot;:&quot;yes&quot;,&quot;pause_on_interaction&quot;:&quot;yes&quot;,&quot;autoplay_speed&quot;:5000,&quot;infinite&quot;:&quot;yes&quot;,&quot;transition&quot;:&quot;slide&quot;}\" data-widget_type=\"slides.default\">\n\t\t\t\t<div class=\"elementor-widget-container\">\n\t\t\t\t\t\t\t\t\t<div class=\"elementor-swiper\">\n\t\t\t\t\t<div class=\"elementor-slides-wrapper elementor-main-swiper swiper\" role=\"region\" aria-roledescription=\"carousel\" aria-label=\"Slides\" dir=\"ltr\" data-animation=\"fadeInRight\">\n\t\t\t\t<div class=\"swiper-wrapper elementor-slides\">\n\t\t\t\t\t\t\t\t\t\t<div class=\"elementor-repeater-item-8e84698 swiper-slide\" role=\"group\" aria-roledescription=\"slide\"><div class=\"swiper-slide-bg\" role=\"img\" aria-label=\"aigents_short\"><\/div><div class=\"swiper-slide-inner\" ><div class=\"swiper-slide-contents\"><div class=\"elementor-slide-heading\">AIgentes<\/div><div class=\"elementor-slide-description\"><p>Construimos un sistema completo de agente de IA B2B, incluida la gesti\u00f3n de suscripciones, el desarrollo del sitio web y la infraestructura de servidores Azure para un rendimiento escalable y seguro.<\/p>\n<\/div><a href=\"https:\/\/bitgenius.uk\/elementor-6924\/\" class=\"elementor-button elementor-slide-button elementor-size-md\">Detalles del caso<\/a><\/div><\/div><\/div><div class=\"elementor-repeater-item-5cb766c swiper-slide\" role=\"group\" aria-roledescription=\"slide\"><div class=\"swiper-slide-bg\" role=\"img\" aria-label=\"gocar_short2\"><\/div><div class=\"swiper-slide-inner\" ><div class=\"swiper-slide-contents\"><div class=\"elementor-slide-heading\">GoCar Barcelona<\/div><div class=\"elementor-slide-description\"><p>Ofrecemos asesoramiento completo, comercio electr\u00f3nico avanzado con reservas, aplicaciones para clientes y servicios de localizaci\u00f3n GPS para su flota de veh\u00edculos.<\/p>\n<\/div><a href=\"https:\/\/bitgenius.uk\/project\/gocar\/\" class=\"elementor-button elementor-slide-button elementor-size-md\">Detalles del caso<\/a><\/div><\/div><\/div><div class=\"elementor-repeater-item-2a2b44b swiper-slide\" role=\"group\" aria-roledescription=\"slide\"><div class=\"swiper-slide-bg\" role=\"img\" aria-label=\"vgt-short\"><\/div><div class=\"swiper-slide-inner\" ><div class=\"swiper-slide-contents\"><div class=\"elementor-slide-heading\">Visitas guiadas por voz<\/div><div class=\"elementor-slide-description\"><p>Ofrecemos servicios completos de consultor\u00eda, desarrollo de aplicaciones y sitios web, gesti\u00f3n de servidores dedicados y dom\u00f3tica.<\/p>\n<\/div><a href=\"https:\/\/bitgenius.uk\/bg_files\/project\/project004\/\" class=\"elementor-button elementor-slide-button elementor-size-md\">Detalles del caso<\/a><\/div><\/div><\/div><div class=\"elementor-repeater-item-cfbf358 swiper-slide\" role=\"group\" aria-roledescription=\"slide\"><div class=\"swiper-slide-bg\" role=\"img\" aria-label=\"fasty-short\"><\/div><div class=\"swiper-slide-inner\" ><div class=\"swiper-slide-contents\"><div class=\"elementor-slide-heading\">Bicicletas r\u00e1pidas<\/div><div class=\"elementor-slide-description\"><p>Proporcionamos asesoramiento completo, comercio electr\u00f3nico avanzado con servicio de reservas por suscripci\u00f3n, aplicaciones para usuarios y software de gesti\u00f3n de flotas para su flota de bicicletas de reparto de Segway.<\/p>\n<\/div><a href=\"https:\/\/bitgenius.uk\/bg_files\/project\/project004\/\" class=\"elementor-button elementor-slide-button elementor-size-md\">Detalles del caso<\/a><\/div><\/div><\/div><div class=\"elementor-repeater-item-acb29de swiper-slide\" role=\"group\" aria-roledescription=\"slide\"><div class=\"swiper-slide-bg\" role=\"img\" aria-label=\"happyrentalbike-short\"><\/div><div class=\"swiper-slide-inner\" ><div class=\"swiper-slide-contents\"><div class=\"elementor-slide-heading\">Bicicleta de alquiler Happy<\/div><div class=\"elementor-slide-description\"><p>Ofrecemos consultor\u00eda completa, comercio electr\u00f3nico avanzado con reservas, aplicaciones para clientes y software de gesti\u00f3n de flotas para empresas de alquiler de motos y bicicletas.<\/p>\n<\/div><a href=\"https:\/\/happyrentalbike.com\" target=\"_blank\" class=\"elementor-button elementor-slide-button elementor-size-md\" rel=\"noopener\">Visita el sitio web<\/a><\/div><\/div><\/div><div class=\"elementor-repeater-item-fd7b0fe swiper-slide\" role=\"group\" aria-roledescription=\"slide\"><div class=\"swiper-slide-bg\" role=\"img\" aria-label=\"lockerbarcelona-short\"><\/div><div class=\"swiper-slide-inner\" ><div class=\"swiper-slide-contents\"><div class=\"elementor-slide-heading\">Taquilla Barcelona<\/div><div class=\"elementor-slide-description\"><p>Cliente desde hace m\u00e1s de 8 a\u00f1os. Gestionamos y protegemos su dominio, alojamos su sitio web y desarrollamos su sitio web de reservas online personalizado. <\/p>\n<\/div><a href=\"https:\/\/lockerbarcelona.com\" target=\"_blank\" class=\"elementor-button elementor-slide-button elementor-size-md\" rel=\"noopener\">Visita el sitio web<\/a><\/div><\/div><\/div><div class=\"elementor-repeater-item-0fc3d4e swiper-slide\" role=\"group\" aria-roledescription=\"slide\"><div class=\"swiper-slide-bg\" role=\"img\" aria-label=\"impetu-short\"><\/div><div class=\"swiper-slide-inner\" ><div class=\"swiper-slide-contents\"><div class=\"elementor-slide-heading\">Cien x Cien IMPETU<\/div><div class=\"elementor-slide-description\"><p>Agencia de marketing con sede en Barcelona especializada en activaciones de marca en el punto de venta y dise\u00f1o de material promocional. Dise\u00f1amos su logotipo, gestionamos y protegemos su dominio, alojamos su web y gestionamos su servicio <a href=\"https:\/\/www.microsoft.com\" rel=\"noopener\">Microsoft365 <\/a>. <\/p>\n<\/div><a href=\"https:\/\/cienporcienimpetu.com\" target=\"_blank\" class=\"elementor-button elementor-slide-button elementor-size-md\" rel=\"noopener\">Visita el sitio web<\/a><\/div><\/div><\/div><div class=\"elementor-repeater-item-bc666dd swiper-slide\" role=\"group\" aria-roledescription=\"slide\"><div class=\"swiper-slide-bg\" role=\"img\" aria-label=\"aefi-short\"><\/div><div class=\"swiper-slide-inner\" ><div class=\"swiper-slide-contents\"><div class=\"elementor-slide-heading\">AEFI Espa\u00f1a<\/div><div class=\"elementor-slide-description\"><p>Ofrecemos estrategia web, sincronizaci\u00f3n contable <a href=\"https:\/\/www.sdelsol.com\" target=\"_BLANK\" rel=\"noopener\">DELSOL<\/a>, gesti\u00f3n de servidores dedicados y plataformas para eventos, cursos y servicios de empleo, entre otras soluciones digitales a medida.<\/p>\n<\/div><a href=\"https:\/\/bitgenius.uk\/project\/project017\/\" class=\"elementor-button elementor-slide-button elementor-size-md\">Detalles del caso<\/a><\/div><\/div><\/div><div class=\"elementor-repeater-item-54795c4 swiper-slide\" role=\"group\" aria-roledescription=\"slide\"><div class=\"swiper-slide-bg\" role=\"img\" aria-label=\"unosmartmobility-short\"><\/div><div class=\"swiper-slide-inner\" ><div class=\"swiper-slide-contents\"><div class=\"elementor-slide-heading\">UNO Movilidad Inteligente<\/div><div class=\"elementor-slide-description\"><p>Ofrecemos consultor\u00eda completa, comercio electr\u00f3nico avanzado con reservas, aplicaciones para clientes y software de gesti\u00f3n de flotas para empresas de alquiler de scooters. Servicios SEO y SEM. <\/p>\n<\/div><a href=\"https:\/\/bitgenius.uk\/project\/project004\/\" class=\"elementor-button elementor-slide-button elementor-size-md\">Detalles del caso<\/a><\/div><\/div><\/div><div class=\"elementor-repeater-item-071a2da swiper-slide\" role=\"group\" aria-roledescription=\"slide\"><div class=\"swiper-slide-bg\" role=\"img\" aria-label=\"biketodeliver-short\"><\/div><div class=\"swiper-slide-inner\" ><div class=\"swiper-slide-contents\"><div class=\"elementor-slide-heading\">Bici para entregar<\/div><div class=\"elementor-slide-description\"><p>Desarrollo de sitio web con sistema avanzado de comercio electr\u00f3nico con reservas. Cliente desde hace m\u00e1s de 5 a\u00f1os. Gestionamos y protegemos su dominio y proporcionamos un alojamiento fiable y seguro adaptado a sus necesidades empresariales.  <\/p>\n<\/div><a href=\"https:\/\/biketodeliver.com\" target=\"_blank\" class=\"elementor-button elementor-slide-button elementor-size-md\" rel=\"noopener\">Visita el sitio web<\/a><\/div><\/div><\/div><div class=\"elementor-repeater-item-ad99ce3 swiper-slide\" role=\"group\" aria-roledescription=\"slide\"><div class=\"swiper-slide-bg\" role=\"img\" aria-label=\"quimicsdalmau-short\"><\/div><div class=\"swiper-slide-inner\" ><div class=\"swiper-slide-contents\"><div class=\"elementor-slide-heading\">Qu\u00edmics Dalmau<\/div><div class=\"elementor-slide-description\"><p>Una empresa con m\u00e1s de 100 a\u00f1os de tradici\u00f3n en el servicio al cliente. Ofrecemos estrategia web, <a href=\"https:\/\/sage.com\" target=\"_BLANK\" rel=\"noopener\">sincronizaci\u00f3n contable SAGE50 con el <a href=\"https:\/\/o2w.es\/\" target=\"_BLANK\" rel=\"noopener\">software O2W<\/a>, gesti\u00f3n de servidores dedicados y aplicaciones log\u00edsticas. Gestionamos tus servicios Microsoft 365.  <\/p>\n<\/div><a href=\"https:\/\/bitgenius.uk\/project\/quimics-dalmau\/\" class=\"elementor-button elementor-slide-button elementor-size-md\">Detalles del caso<\/a><\/div><\/div><\/div><div class=\"elementor-repeater-item-86a1fb8 swiper-slide\" role=\"group\" aria-roledescription=\"slide\"><div class=\"swiper-slide-bg\" role=\"img\" aria-label=\"tadiscan\"><\/div><div class=\"swiper-slide-inner\" ><div class=\"swiper-slide-contents\"><div class=\"elementor-slide-heading\">Tadiscan<\/div><div class=\"elementor-slide-description\"><p>Durante m\u00e1s de 10 a\u00f1os, hemos gestionado su cat\u00e1logo en l\u00ednea, desarrollado su sitio web y prestado servicios de registro de dominios y alojamiento en las Islas Canarias.<\/p>\n<\/div><a href=\"https:\/\/tadiscan.es\" target=\"_blank\" class=\"elementor-button elementor-slide-button elementor-size-md\" rel=\"noopener\">Visita el sitio web<\/a><\/div><\/div><\/div><div class=\"elementor-repeater-item-346323d swiper-slide\" role=\"group\" aria-roledescription=\"slide\"><div class=\"swiper-slide-bg\" role=\"img\" aria-label=\"debate-short\"><\/div><div class=\"swiper-slide-inner\" ><div class=\"swiper-slide-contents\"><div class=\"elementor-slide-heading\">Peri\u00f3dico Debate<\/div><div class=\"elementor-slide-description\"><p>Cliente desde hace m\u00e1s de 10 a\u00f1os. Gestionamos y protegemos su dominio y proporcionamos un alojamiento fiable y seguro adaptado a sus necesidades empresariales. <\/p>\n<\/div><a href=\"https:\/\/periodicodebate.com\" target=\"_blank\" class=\"elementor-button elementor-slide-button elementor-size-md\" rel=\"noopener\">Visita el sitio web<\/a><\/div><\/div><\/div><div class=\"elementor-repeater-item-f2e9d8d swiper-slide\" role=\"group\" aria-roledescription=\"slide\"><div class=\"swiper-slide-bg\" role=\"img\" aria-label=\"hobbyhomes-short\"><\/div><div class=\"swiper-slide-inner\" ><div class=\"swiper-slide-contents\"><div class=\"elementor-slide-heading\">Casas Hobby<\/div><div class=\"elementor-slide-description\"><p>Cliente desde hace m\u00e1s de 7 a\u00f1os. Gestionamos y protegemos su dominio y proporcionamos un alojamiento fiable y seguro adaptado a sus necesidades empresariales. <\/p>\n<\/div><a href=\"https:\/\/hobbyhomes.co\/\" target=\"_blank\" class=\"elementor-button elementor-slide-button elementor-size-md\" rel=\"noopener\">Visita el sitio web<\/a><\/div><\/div><\/div><div class=\"elementor-repeater-item-3511f3c swiper-slide\" role=\"group\" aria-roledescription=\"slide\"><div class=\"swiper-slide-bg\" role=\"img\" aria-label=\"riverabikerental-short\"><\/div><div class=\"swiper-slide-inner\" ><div class=\"swiper-slide-contents\"><div class=\"elementor-slide-heading\">Alquiler de bicicletas fluviales<\/div><div class=\"elementor-slide-description\"><p>Cliente desde hace m\u00e1s de 10 a\u00f1os. Gestionamos y protegemos su dominio y proporcionamos un alojamiento fiable y seguro adaptado a sus necesidades empresariales.  Desarrollo web y comercio electr\u00f3nico<\/p>\n<\/div><a href=\"https:\/\/riverabikerental.com\" target=\"_blank\" class=\"elementor-button elementor-slide-button elementor-size-md\" rel=\"noopener\">Visita el sitio web<\/a><\/div><\/div><\/div><div class=\"elementor-repeater-item-7ceb7b7 swiper-slide\" role=\"group\" aria-roledescription=\"slide\"><div class=\"swiper-slide-bg\" role=\"img\" aria-label=\"flooming-short\"><\/div><div class=\"swiper-slide-inner\" ><div class=\"swiper-slide-contents\"><div class=\"elementor-slide-heading\">Floreciendo<\/div><div class=\"elementor-slide-description\"><p>Gestionamos y protegemos su dominio y le proporcionamos un alojamiento fiable y seguro adaptado a sus necesidades empresariales. Dise\u00f1o y desarrollo web. <\/p>\n<\/div><a href=\"https:\/\/flooming.com\" target=\"_blank\" class=\"elementor-button elementor-slide-button elementor-size-md\" rel=\"noopener\">Visita el sitio web<\/a><\/div><\/div><\/div><div class=\"elementor-repeater-item-ef4d6c4 swiper-slide\" role=\"group\" aria-roledescription=\"slide\"><div class=\"swiper-slide-bg\" role=\"img\" aria-label=\"prosiroma-short\"><\/div><div class=\"swiper-slide-inner\" ><div class=\"swiper-slide-contents\"><div class=\"elementor-slide-heading\">Prosiroma<\/div><div class=\"elementor-slide-description\"><p>Cliente desde hace m\u00e1s de 5 a\u00f1os. Gestionamos y protegemos su dominio y proporcionamos un alojamiento fiable y seguro adaptado a sus necesidades empresariales. <\/p>\n<\/div><a href=\"https:\/\/prosiroma.com\" target=\"_blank\" class=\"elementor-button elementor-slide-button elementor-size-md\" rel=\"noopener\">Visita el sitio web<\/a><\/div><\/div><\/div><div class=\"elementor-repeater-item-8578267 swiper-slide\" role=\"group\" aria-roledescription=\"slide\"><div class=\"swiper-slide-bg\" role=\"img\" aria-label=\"happy-cargo-bike-short\"><\/div><div class=\"swiper-slide-inner\" ><div class=\"swiper-slide-contents\"><div class=\"elementor-slide-heading\">Bicicleta de carga Happy<\/div><div class=\"elementor-slide-description\"><p>Gestionamos y protegemos su dominio y le proporcionamos un alojamiento fiable y seguro adaptado a sus necesidades empresariales. Servicios de migraci\u00f3n de sitios. <\/p>\n<\/div><a href=\"https:\/\/happycargobike.com\" target=\"_blank\" class=\"elementor-button elementor-slide-button elementor-size-md\" rel=\"noopener\">Visita el sitio web<\/a><\/div><\/div><\/div><div class=\"elementor-repeater-item-7c0ccac swiper-slide\" role=\"group\" aria-roledescription=\"slide\"><div class=\"swiper-slide-bg\" role=\"img\" aria-label=\"asoruco-short\"><\/div><div class=\"swiper-slide-inner\" ><div class=\"swiper-slide-contents\"><div class=\"elementor-slide-heading\">ASoruco<\/div><div class=\"elementor-slide-description\"><p>Desarrollo web. Gestionamos y protegemos sus dominios y les proporcionamos un alojamiento fiable y seguro adaptado a sus necesidades empresariales. <\/p>\n<\/div><a href=\"https:\/\/asoruco.com\" target=\"_blank\" class=\"elementor-button elementor-slide-button elementor-size-md\" rel=\"noopener\">Visita el sitio web<\/a><\/div><\/div><\/div><div class=\"elementor-repeater-item-9e01bf0 swiper-slide\" role=\"group\" aria-roledescription=\"slide\"><div class=\"swiper-slide-bg\" role=\"img\" aria-label=\"areapilates-short\"><\/div><div class=\"swiper-slide-inner\" ><div class=\"swiper-slide-contents\"><div class=\"elementor-slide-heading\">\u00c1rea Pilates<\/div><div class=\"elementor-slide-description\"><p>Cliente desde hace m\u00e1s de 12 a\u00f1os. Gestionamos y protegemos su dominio y proporcionamos un alojamiento fiable y seguro adaptado a sus necesidades empresariales. <\/p>\n<\/div><a href=\"https:\/\/areapilates.com\" target=\"_blank\" class=\"elementor-button elementor-slide-button elementor-size-md\" rel=\"noopener\">Visita el sitio web<\/a><\/div><\/div><\/div><div class=\"elementor-repeater-item-724feb9 swiper-slide\" role=\"group\" aria-roledescription=\"slide\"><div class=\"swiper-slide-bg\" role=\"img\" aria-label=\"penya-barcelonista-short\"><\/div><div class=\"swiper-slide-inner\" ><div class=\"swiper-slide-contents\"><div class=\"elementor-slide-heading\">PB Velocidad 58<\/div><div class=\"elementor-slide-description\"><p>Creamos su sitio web y blog oficiales, y proporcionamos registro de dominios y alojamiento fiable para esta orgullosa pe\u00f1a del FC Barcelona.<\/p>\n<\/div><a href=\"https:\/\/pbspeed58.cat\" target=\"_blank\" class=\"elementor-button elementor-slide-button elementor-size-md\" rel=\"noopener\">Visita el sitio web<\/a><\/div><\/div><\/div><div class=\"elementor-repeater-item-cfbda6d swiper-slide\" role=\"group\" aria-roledescription=\"slide\"><div class=\"swiper-slide-bg\" role=\"img\" aria-label=\"thetouringpandas-short\"><\/div><div class=\"swiper-slide-inner\" ><div class=\"swiper-slide-contents\"><div class=\"elementor-slide-heading\">Los pandas de gira<\/div><div class=\"elementor-slide-description\"><p>Cliente desde hace m\u00e1s de 7 a\u00f1os. Gestionamos y protegemos su dominio y proporcionamos un alojamiento fiable y seguro adaptado a sus necesidades empresariales. <\/p>\n<\/div><a href=\"https:\/\/thetouringpandas.com\" target=\"_blank\" class=\"elementor-button elementor-slide-button elementor-size-md\" rel=\"noopener\">Visita el sitio web<\/a><\/div><\/div><\/div><div class=\"elementor-repeater-item-6f8835f swiper-slide\" role=\"group\" aria-roledescription=\"slide\"><div class=\"swiper-slide-bg\" role=\"img\" aria-label=\"grupo-arke-short\"><\/div><div class=\"swiper-slide-inner\" ><div class=\"swiper-slide-contents\"><div class=\"elementor-slide-heading\">Grupo ARKE<\/div><div class=\"elementor-slide-description\"><p>Cliente desde hace m\u00e1s de 10 a\u00f1os. Gestionamos y protegemos su dominio y proporcionamos un alojamiento fiable y seguro adaptado a sus necesidades empresariales. <\/p>\n<\/div><a href=\"https:\/\/grupoarke.com.co\" target=\"_blank\" class=\"elementor-button elementor-slide-button elementor-size-md\" rel=\"noopener\">Visita el sitio web<\/a><\/div><\/div><\/div><div class=\"elementor-repeater-item-092eeb9 swiper-slide\" role=\"group\" aria-roledescription=\"slide\"><div class=\"swiper-slide-bg\" role=\"img\" aria-label=\"360grados-danza-short\"><\/div><div class=\"swiper-slide-inner\" ><div class=\"swiper-slide-contents\"><div class=\"elementor-slide-heading\">360GRAdoS Danza<\/div><div class=\"elementor-slide-description\"><p>Desarrollamos su sitio web, gestionamos y protegemos su dominio y proporcionamos un alojamiento fiable y seguro adaptado a sus necesidades empresariales.<\/p>\n<\/div><a href=\"https:\/\/360gradosdanza.com\" target=\"_blank\" class=\"elementor-button elementor-slide-button elementor-size-md\" rel=\"noopener\">Visita el sitio web<\/a><\/div><\/div><\/div><div class=\"elementor-repeater-item-93e0613 swiper-slide\" role=\"group\" aria-roledescription=\"slide\"><div class=\"swiper-slide-bg\" role=\"img\" aria-label=\"plusproduct-short\"><\/div><div class=\"swiper-slide-inner\" ><div class=\"swiper-slide-contents\"><div class=\"elementor-slide-heading\">Producto Plus<\/div><div class=\"elementor-slide-description\"><p>Cliente desde hace m\u00e1s de 6 a\u00f1os. Migraci\u00f3n de sitios web y gesti\u00f3n y protecci\u00f3n de su dominio, as\u00ed como alojamiento fiable y seguro adaptado a sus necesidades empresariales. <\/p>\n<\/div><a href=\"https:\/\/plusproductsl.com\/\" target=\"_blank\" class=\"elementor-button elementor-slide-button elementor-size-md\" rel=\"noopener\">Visita el sitio web<\/a><\/div><\/div><\/div><div class=\"elementor-repeater-item-ee8f1e1 swiper-slide\" role=\"group\" aria-roledescription=\"slide\"><div class=\"swiper-slide-bg\" role=\"img\" aria-label=\"finiven-short\"><\/div><div class=\"swiper-slide-inner\" ><div class=\"swiper-slide-contents\"><div class=\"elementor-slide-heading\">Finiven GesBest<\/div><div class=\"elementor-slide-description\"><p>Proporcionamos asesoramiento completo con integraciones UNNAX para el an\u00e1lisis de la solvencia y la gesti\u00f3n de microcr\u00e9ditos, garantizando operaciones financieras seguras y conformes a las plataformas digitales.<\/p>\n<\/div><a href=\"https:\/\/bitgenius.uk\/project\/project006\/\" class=\"elementor-button elementor-slide-button elementor-size-md\">Detalles del caso<\/a><\/div><\/div><\/div>\t\t\t\t<\/div>\n\t\t\t\t\t\t\t\t\t\t\t\t\t\t\t<div class=\"elementor-swiper-button elementor-swiper-button-prev\" role=\"button\" tabindex=\"0\" aria-label=\"Previous slide\">\n\t\t\t\t\t\t\t<svg aria-hidden=\"true\" class=\"e-font-icon-svg e-eicon-chevron-left\" viewBox=\"0 0 1000 1000\" xmlns=\"http:\/\/www.w3.org\/2000\/svg\"><path d=\"M646 125C629 125 613 133 604 142L308 442C296 454 292 471 292 487 292 504 296 521 308 533L604 854C617 867 629 875 646 875 663 875 679 871 692 858 704 846 713 829 713 812 713 796 708 779 692 767L438 487 692 225C700 217 708 204 708 187 708 171 704 154 692 142 675 129 663 125 646 125Z\"><\/path><\/svg>\t\t\t\t\t\t<\/div>\n\t\t\t\t\t\t<div class=\"elementor-swiper-button elementor-swiper-button-next\" role=\"button\" tabindex=\"0\" aria-label=\"Next slide\">\n\t\t\t\t\t\t\t<svg aria-hidden=\"true\" class=\"e-font-icon-svg e-eicon-chevron-right\" viewBox=\"0 0 1000 1000\" xmlns=\"http:\/\/www.w3.org\/2000\/svg\"><path d=\"M696 533C708 521 713 504 713 487 713 471 708 454 696 446L400 146C388 133 375 125 354 125 338 125 325 129 313 142 300 154 292 171 292 187 292 204 296 221 308 233L563 492 304 771C292 783 288 800 288 817 288 833 296 850 308 863 321 871 338 875 354 875 371 875 388 867 400 854L696 533Z\"><\/path><\/svg>\t\t\t\t\t\t<\/div>\n\t\t\t\t\t\t\t\t\t\t\t\t\t\t\t\t\t<\/div>\n\t\t\t\t<\/div>\n\t\t\t\t\t\t\t\t<\/div>\n\t\t\t\t<\/div>\n\t\t\t\t<div class=\"elementor-element elementor-element-e148aaf elementor-hidden-mobile elementor-widget elementor-widget-spacer\" data-id=\"e148aaf\" data-element_type=\"widget\" data-e-type=\"widget\" data-widget_type=\"spacer.default\">\n\t\t\t\t<div class=\"elementor-widget-container\">\n\t\t\t\t\t\t\t<div class=\"elementor-spacer\">\n\t\t\t<div class=\"elementor-spacer-inner\"><\/div>\n\t\t<\/div>\n\t\t\t\t\t\t<\/div>\n\t\t\t\t<\/div>\n\t\t\t\t<div class=\"elementor-element elementor-element-5ab54c4 elementor-hidden-mobile elementor-widget elementor-widget-heading\" data-id=\"5ab54c4\" data-element_type=\"widget\" data-e-type=\"widget\" data-widget_type=\"heading.default\">\n\t\t\t\t<div class=\"elementor-widget-container\">\n\t\t\t\t\t<h2 class=\"elementor-heading-title elementor-size-default\">Tenemos una amplia variedad de sitios y aplicaciones. Cont\u00e1ctanos ahora!<\/h2>\t\t\t\t<\/div>\n\t\t\t\t<\/div>\n\t\t\t\t<div class=\"elementor-element elementor-element-894fdaf elementor-hidden-mobile elementor-widget elementor-widget-spacer\" data-id=\"894fdaf\" data-element_type=\"widget\" data-e-type=\"widget\" data-widget_type=\"spacer.default\">\n\t\t\t\t<div class=\"elementor-widget-container\">\n\t\t\t\t\t\t\t<div class=\"elementor-spacer\">\n\t\t\t<div class=\"elementor-spacer-inner\"><\/div>\n\t\t<\/div>\n\t\t\t\t\t\t<\/div>\n\t\t\t\t<\/div>\n\t\t\t\t\t<\/div>\n\t\t<\/div>\n\t\t\t\t\t<\/div>\n\t\t<\/section>\n\t\t\t\t<\/div>\n\t\t","protected":false},"excerpt":{"rendered":"<p>Algunos de nuestros proyectos en desarrollo web y de aplicaciones AIgentes Construimos un sistema completo de agente de IA B2B, incluida la gesti\u00f3n de suscripciones, el desarrollo del sitio web y la infraestructura de servidores Azure para un rendimiento escalable y seguro. Detalles del casoGoCar Barcelona Ofrecemos asesoramiento completo, comercio electr\u00f3nico avanzado con reservas, aplicaciones&hellip;<\/p>\n","protected":false},"author":3,"featured_media":0,"parent":0,"menu_order":90,"comment_status":"closed","ping_status":"closed","template":"","meta":{"_joinchat":[],"footnotes":""},"class_list":["post-7851","page","type-page","status-publish","hentry"],"_links":{"self":[{"href":"https:\/\/bitgenius.uk\/es\/wp-json\/wp\/v2\/pages\/7851","targetHints":{"allow":["GET"]}}],"collection":[{"href":"https:\/\/bitgenius.uk\/es\/wp-json\/wp\/v2\/pages"}],"about":[{"href":"https:\/\/bitgenius.uk\/es\/wp-json\/wp\/v2\/types\/page"}],"author":[{"embeddable":true,"href":"https:\/\/bitgenius.uk\/es\/wp-json\/wp\/v2\/users\/3"}],"replies":[{"embeddable":true,"href":"https:\/\/bitgenius.uk\/es\/wp-json\/wp\/v2\/comments?post=7851"}],"version-history":[{"count":10,"href":"https:\/\/bitgenius.uk\/es\/wp-json\/wp\/v2\/pages\/7851\/revisions"}],"predecessor-version":[{"id":8322,"href":"https:\/\/bitgenius.uk\/es\/wp-json\/wp\/v2\/pages\/7851\/revisions\/8322"}],"wp:attachment":[{"href":"https:\/\/bitgenius.uk\/es\/wp-json\/wp\/v2\/media?parent=7851"}],"curies":[{"name":"wp","href":"https:\/\/api.w.org\/{rel}","templated":true}]}}